{"id":1656,"date":"2024-02-07T09:09:29","date_gmt":"2024-02-07T09:09:29","guid":{"rendered":"https:\/\/ramdon.com\/technical-gases\/"},"modified":"2026-02-12T12:36:53","modified_gmt":"2026-02-12T12:36:53","slug":"gaz-techniques","status":"publish","type":"page","link":"https:\/\/staging.ramdon.com\/fr\/gaz-techniques\/","title":{"rendered":"Gaz techniques"},"content":{"rendered":"","protected":false},"excerpt":{"rendered":"","protected":false},"author":1,"featured_media":1338,"parent":0,"menu_order":0,"comment_status":"closed","ping_status":"closed","template":"template-flexible-layout.blade.php","meta":{"_acf_changed":false,"footnotes":""},"class_list":["post-1656","page","type-page","status-publish","has-post-thumbnail","hentry"],"acf":[],"yoast_head":"<!-- This site is optimized with the Yoast SEO plugin v26.8 - https:\/\/yoast.com\/product\/yoast-seo-wordpress\/ -->\n<title>Gaz techniques - Ramdon<\/title>\n<meta name=\"description\" content=\"Nous fournissons une gamme vari\u00e9e de gaz techniques pour r\u00e9pondre aux besoins du march\u00e9 et de l&#039;industrie. Notre engagement envers la qualit\u00e9 garantit le bon d\u00e9roulement de vos op\u00e9rations.\" \/>\n<meta name=\"robots\" content=\"noindex, follow, max-snippet:-1, max-image-preview:large, max-video-preview:-1\" \/>\n<meta property=\"og:locale\" content=\"fr_FR\" \/>\n<meta property=\"og:type\" content=\"article\" \/>\n<meta property=\"og:title\" content=\"Gaz techniques - Ramdon\" \/>\n<meta property=\"og:description\" content=\"Nous fournissons une gamme vari\u00e9e de gaz techniques pour r\u00e9pondre aux besoins du march\u00e9 et de l&#039;industrie. Notre engagement envers la qualit\u00e9 garantit le bon d\u00e9roulement de vos op\u00e9rations.\" \/>\n<meta property=\"og:url\" content=\"https:\/\/staging.ramdon.com\/fr\/gaz-techniques\/\" \/>\n<meta property=\"og:site_name\" content=\"Ramdon\" \/>\n<meta property=\"article:modified_time\" content=\"2026-02-12T12:36:53+00:00\" \/>\n<meta property=\"og:image\" content=\"https:\/\/staging.ramdon.com\/wp-content\/uploads\/2023\/10\/ramdon-home-1024x573.png\" \/>\n\t<meta property=\"og:image:width\" content=\"1024\" \/>\n\t<meta property=\"og:image:height\" content=\"573\" \/>\n\t<meta property=\"og:image:type\" content=\"image\/png\" \/>\n<meta name=\"twitter:card\" content=\"summary_large_image\" \/>\n<meta name=\"twitter:label1\" content=\"Est. reading time\" \/>\n\t<meta name=\"twitter:data1\" content=\"9 minutes\" \/>\n<!-- \/ Yoast SEO plugin. -->","yoast_head_json":{"title":"Gaz techniques - Ramdon","description":"Nous fournissons une gamme vari\u00e9e de gaz techniques pour r\u00e9pondre aux besoins du march\u00e9 et de l'industrie. Notre engagement envers la qualit\u00e9 garantit le bon d\u00e9roulement de vos op\u00e9rations.","robots":{"index":"noindex","follow":"follow","max-snippet":"max-snippet:-1","max-image-preview":"max-image-preview:large","max-video-preview":"max-video-preview:-1"},"og_locale":"fr_FR","og_type":"article","og_title":"Gaz techniques - Ramdon","og_description":"Nous fournissons une gamme vari\u00e9e de gaz techniques pour r\u00e9pondre aux besoins du march\u00e9 et de l'industrie. Notre engagement envers la qualit\u00e9 garantit le bon d\u00e9roulement de vos op\u00e9rations.","og_url":"https:\/\/staging.ramdon.com\/fr\/gaz-techniques\/","og_site_name":"Ramdon","article_modified_time":"2026-02-12T12:36:53+00:00","og_image":[{"width":1024,"height":573,"url":"https:\/\/staging.ramdon.com\/wp-content\/uploads\/2023\/10\/ramdon-home-1024x573.png","type":"image\/png"}],"twitter_card":"summary_large_image","twitter_misc":{"Est. reading time":"9 minutes"},"schema":{"@context":"https:\/\/schema.org","@graph":[{"@type":"WebPage","@id":"https:\/\/staging.ramdon.com\/fr\/gaz-techniques\/","url":"https:\/\/staging.ramdon.com\/fr\/gaz-techniques\/","name":"Gaz techniques - Ramdon","isPartOf":{"@id":"https:\/\/staging.ramdon.com\/fr\/#website"},"primaryImageOfPage":{"@id":"https:\/\/staging.ramdon.com\/fr\/gaz-techniques\/#primaryimage"},"image":{"@id":"https:\/\/staging.ramdon.com\/fr\/gaz-techniques\/#primaryimage"},"thumbnailUrl":"https:\/\/staging.ramdon.com\/wp-content\/uploads\/2023\/10\/ramdon-home.png","datePublished":"2024-02-07T09:09:29+00:00","dateModified":"2026-02-12T12:36:53+00:00","description":"Nous fournissons une gamme vari\u00e9e de gaz techniques pour r\u00e9pondre aux besoins du march\u00e9 et de l'industrie. Notre engagement envers la qualit\u00e9 garantit le bon d\u00e9roulement de vos op\u00e9rations.","breadcrumb":{"@id":"https:\/\/staging.ramdon.com\/fr\/gaz-techniques\/#breadcrumb"},"inLanguage":"fr-FR","potentialAction":[{"@type":"ReadAction","target":["https:\/\/staging.ramdon.com\/fr\/gaz-techniques\/"]}]},{"@type":"ImageObject","inLanguage":"fr-FR","@id":"https:\/\/staging.ramdon.com\/fr\/gaz-techniques\/#primaryimage","url":"https:\/\/staging.ramdon.com\/wp-content\/uploads\/2023\/10\/ramdon-home.png","contentUrl":"https:\/\/staging.ramdon.com\/wp-content\/uploads\/2023\/10\/ramdon-home.png","width":1920,"height":1075},{"@type":"BreadcrumbList","@id":"https:\/\/staging.ramdon.com\/fr\/gaz-techniques\/#breadcrumb","itemListElement":[{"@type":"ListItem","position":1,"name":"Accueil","item":"https:\/\/staging.ramdon.com\/fr\/"},{"@type":"ListItem","position":2,"name":"Gaz techniques"}]},{"@type":"WebSite","@id":"https:\/\/staging.ramdon.com\/fr\/#website","url":"https:\/\/staging.ramdon.com\/fr\/","name":"Ramdon","description":"","potentialAction":[{"@type":"SearchAction","target":{"@type":"EntryPoint","urlTemplate":"https:\/\/staging.ramdon.com\/fr\/?s={search_term_string}"},"query-input":{"@type":"PropertyValueSpecification","valueRequired":true,"valueName":"search_term_string"}}],"inLanguage":"fr-FR"}]}},"_links":{"self":[{"href":"https:\/\/staging.ramdon.com\/fr\/wp-json\/wp\/v2\/pages\/1656","targetHints":{"allow":["GET"]}}],"collection":[{"href":"https:\/\/staging.ramdon.com\/fr\/wp-json\/wp\/v2\/pages"}],"about":[{"href":"https:\/\/staging.ramdon.com\/fr\/wp-json\/wp\/v2\/types\/page"}],"author":[{"embeddable":true,"href":"https:\/\/staging.ramdon.com\/fr\/wp-json\/wp\/v2\/users\/1"}],"replies":[{"embeddable":true,"href":"https:\/\/staging.ramdon.com\/fr\/wp-json\/wp\/v2\/comments?post=1656"}],"version-history":[{"count":6,"href":"https:\/\/staging.ramdon.com\/fr\/wp-json\/wp\/v2\/pages\/1656\/revisions"}],"predecessor-version":[{"id":2347,"href":"https:\/\/staging.ramdon.com\/fr\/wp-json\/wp\/v2\/pages\/1656\/revisions\/2347"}],"wp:featuredmedia":[{"embeddable":true,"href":"https:\/\/staging.ramdon.com\/fr\/wp-json\/wp\/v2\/media\/1338"}],"wp:attachment":[{"href":"https:\/\/staging.ramdon.com\/fr\/wp-json\/wp\/v2\/media?parent=1656"}],"curies":[{"name":"wp","href":"https:\/\/api.w.org\/{rel}","templated":true}]}}